{"id":143,"date":"2016-08-17T03:48:14","date_gmt":"2016-08-17T03:48:14","guid":{"rendered":"http:\/\/sw-themes.com\/porto_dummy3\/restaurant\/?page_id=143"},"modified":"2023-08-02T08:26:30","modified_gmt":"2023-08-02T08:26:30","slug":"home","status":"publish","type":"page","link":"https:\/\/elmeemfarms.com\/fr\/","title":{"rendered":"Page D&rsquo;accueil"},"content":{"rendered":"<p>[vc_row video_bg=\u00a0\u00bbyes\u00a0\u00bb video_bg_url=\u00a0\u00bbhttps:\/\/www.youtube.com\/watch?v=yNRfPyV_aXY&#038;t=4s\u00a0\u00bb css=\u00a0\u00bb.vc_custom_1690964415569{padding-top: 300px !important;padding-bottom: 300px !important;}\u00a0\u00bb][vc_column][\/vc_column][\/vc_row][vc_row full_width=\u00a0\u00bbstretch_row\u00a0\u00bb css=\u00a0\u00bb.vc_custom_1637830996377{padding-bottom: 0px !important;background-position: center !important;background-repeat: no-repeat !important;background-size: cover !important;}\u00a0\u00bb el_id=\u00a0\u00bbabout\u00a0\u00bb][vc_column animation_delay=\u00a0\u00bb700&Prime; animation_type=\u00a0\u00bbfadeIn\u00a0\u00bb][vc_empty_space height=\u00a0\u00bb150px\u00a0\u00bb][vc_single_image image=\u00a0\u00bb284&Prime; img_size=\u00a0\u00bb250&#215;130&Prime; alignment=\u00a0\u00bbcenter\u00a0\u00bb css=\u00a0\u00bb.vc_custom_1637828686884{margin-bottom: 0px !important;border-bottom-width: 0px !important;padding-bottom: 0px !important;}\u00a0\u00bb][vc_row_inner animation_duration=\u00a0\u00bb2000&Prime; animation_type=\u00a0\u00bbfadeInDown\u00a0\u00bb css=\u00a0\u00bb.vc_custom_1640088991077{padding-top: 60px !important;}\u00a0\u00bb][vc_column_inner width=\u00a0\u00bb1\/3&Prime; animation_delay=\u00a0\u00bb1000&Prime; animation_type=\u00a0\u00bbfadeInUp\u00a0\u00bb][vc_column_text]<\/p>\n<p style=\"text-align: center;\"><span style=\"font-size: 17px;\">Le groupe El Meem a \u00e9t\u00e9 fond\u00e9 en 1997 en tant que premi\u00e8re entreprise \u00e9gyptienne sp\u00e9cialis\u00e9e dans le d\u00e9veloppement agricole. Suite \u00e0 son \u00e9norme succ\u00e8s, \u00a0<\/span><\/p>\n<p>[\/vc_column_text][\/vc_column_inner][vc_column_inner width=\u00a0\u00bb1\/3&Prime; animation_delay=\u00a0\u00bb1500&Prime; animation_type=\u00a0\u00bbfadeInUp\u00a0\u00bb css=\u00a0\u00bb.vc_custom_1640088004899{padding-top: 30px !important;}\u00a0\u00bb][vc_column_text]<\/p>\n<p style=\"text-align: center;\"><span style=\"font-size: 17px;\">le groupe El Meem a d\u00e9cid\u00e9 d&rsquo;entrer sur le march\u00e9 de l&rsquo;exportation pour investir son succ\u00e8s dans la section de d\u00e9veloppement agricole en Egypte et s&rsquo;installer \u00e0 l&rsquo;\u00e9tranger,<\/span><\/p>\n<p>[\/vc_column_text][\/vc_column_inner][vc_column_inner width=\u00a0\u00bb1\/3&Prime; animation_delay=\u00a0\u00bb2000&Prime; animation_type=\u00a0\u00bbfadeInUp\u00a0\u00bb css=\u00a0\u00bb.vc_custom_1640088014146{padding-top: 60px !important;}\u00a0\u00bb][vc_column_text]<\/p>\n<p style=\"text-align: center;\"><span style=\"font-size: 17px;\">, et dans un mouvement d&rsquo;expansion, le groupe El Meem a d\u00e9cid\u00e9 d&rsquo;investir et de compl\u00e9ter son cycle en ajoutant plus de services ( emballage, \u00e9pluchage de l&rsquo;ail et production animale).<\/span><\/p>\n<p>[\/vc_column_text][\/vc_column_inner][\/vc_row_inner][vc_row_inner animation_duration=\u00a0\u00bb2500&Prime; animation_delay=\u00a0\u00bb\u00a0\u00bb animation_type=\u00a0\u00bbfadeInUp\u00a0\u00bb css=\u00a0\u00bb.vc_custom_1640087840362{margin-bottom: 0px !important;padding-bottom: 0px !important;}\u00a0\u00bb][vc_column_inner][vc_single_image image=\u00a0\u00bb279&Prime; img_size=\u00a0\u00bb300&#215;200&Prime; alignment=\u00a0\u00bbcenter\u00a0\u00bb css=\u00a0\u00bb.vc_custom_1637830888059{margin-bottom: 0px !important;padding-bottom: 0px !important;}\u00a0\u00bb][\/vc_column_inner][\/vc_row_inner][\/vc_column][\/vc_row][vc_row full_width=\u00a0\u00bbstretch_row\u00a0\u00bb css=\u00a0\u00bb.vc_custom_1637831380554{padding-top: 50px !important;background-image: url(https:\/\/elmeemfarms.com\/wp-content\/uploads\/2021\/11\/Spretator-01.png?id=301) !important;}\u00a0\u00bb][vc_column][\/vc_column][\/vc_row][vc_row full_width=\u00a0\u00bbstretch_row\u00a0\u00bb css=\u00a0\u00bb.vc_custom_1637831028231{background-color: #00793f !important;}\u00a0\u00bb][vc_column width=\u00a0\u00bb1\/6&Prime;][\/vc_column][vc_column width=\u00a0\u00bb2\/3&Prime;][vc_empty_space height=\u00a0\u00bb40px\u00a0\u00bb][vc_row_inner][vc_column_inner animation_delay=\u00a0\u00bb1000&Prime; animation_type=\u00a0\u00bbfadeInDown\u00a0\u00bb][vc_custom_heading text=\u00a0\u00bbNotre mission\u00a0\u00bb font_container=\u00a0\u00bbtag:h2|font_size:50px|text_align:left|color:%23ffffff\u00a0\u00bb][vc_column_text]<\/p>\n<p style=\"text-align: left;\"><span style=\"color: #ffffff;\">Nous pensons que notre principale responsabilit\u00e9 est de produire des aliments sains et vitaux. Nous nous engageons \u00e9galement \u00e0 apporter une forte contribution \u00e0 un environnement am\u00e9lior\u00e9 et \u00e0 redonner \u00e0 notre communaut\u00e9<\/span><\/p>\n<p>[\/vc_column_text][\/vc_column_inner][\/vc_row_inner][vc_empty_space height=\u00a0\u00bb40px\u00a0\u00bb][\/vc_column][vc_column width=\u00a0\u00bb1\/6&Prime;][\/vc_column][\/vc_row][vc_row full_width=\u00a0\u00bbstretch_row\u00a0\u00bb parallax=\u00a0\u00bbcontent-moving\u00a0\u00bb parallax_image=\u00a0\u00bb555&Prime; parallax_speed_bg=\u00a0\u00bb1&Prime; css=\u00a0\u00bb.vc_custom_1658932059516{padding-top: 450px !important;}\u00a0\u00bb][vc_column][\/vc_column][\/vc_row][vc_row full_width=\u00a0\u00bbstretch_row\u00a0\u00bb css=\u00a0\u00bb.vc_custom_1640094714646{background-color: #d1d3d4 !important;}\u00a0\u00bb el_id=\u00a0\u00bbServices\u00a0\u00bb][vc_column][vc_row_inner][vc_column_inner width=\u00a0\u00bb1\/4&Prime; animation_delay=\u00a0\u00bb300&Prime; animation_type=\u00a0\u00bbfadeInUp\u00a0\u00bb][vc_single_image image=\u00a0\u00bb464&Prime; img_size=\u00a0\u00bbfull\u00a0\u00bb alignment=\u00a0\u00bbcenter\u00a0\u00bb style=\u00a0\u00bbvc_box_border_circle_2&Prime; border_color=\u00a0\u00bbsandy_brown\u00a0\u00bb][vc_custom_heading text=\u00a0\u00bbD\u00e9veloppement agricole\u00a0\u00bb font_container=\u00a0\u00bbtag:h2|font_size:40|text_align:center\u00a0\u00bb google_fonts=\u00a0\u00bbfont_family:Ubuntu%3A300%2C300italic%2Cregular%2Citalic%2C500%2C500italic%2C700%2C700italic|font_style:400%20regular%3A400%3Anormal\u00a0\u00bb][vc_column_text]<\/p>\n<p style=\"text-align: center;\">L&rsquo;agriculture est le fondement de la vie, ce qui rend le d\u00e9veloppement de l&rsquo;agriculture tr\u00e8s important. Gr\u00e2ce \u00e0 une concurrence f\u00e9roce et \u00e0 la promotion, nous avons cr\u00e9\u00e9 une technologie agricole avec une position de leader dans ce domaine.<\/p>\n<p>[\/vc_column_text][\/vc_column_inner][vc_column_inner width=\u00a0\u00bb1\/4&Prime;][vc_empty_space height=\u00a0\u00bb30px\u00a0\u00bb][vc_single_image image=\u00a0\u00bb429&Prime; img_size=\u00a0\u00bb300&#215;400&Prime; alignment=\u00a0\u00bbcenter\u00a0\u00bb style=\u00a0\u00bbvc_box_border_circle_2&Prime; border_color=\u00a0\u00bbsandy_brown\u00a0\u00bb][vc_custom_heading text=\u00a0\u00bbProduction animale\u00a0\u00bb font_container=\u00a0\u00bbtag:h2|font_size:40|text_align:center\u00a0\u00bb google_fonts=\u00a0\u00bbfont_family:Ubuntu%3A300%2C300italic%2Cregular%2Citalic%2C500%2C500italic%2C700%2C700italic|font_style:400%20regular%3A400%3Anormal\u00a0\u00bb][vc_column_text]<\/p>\n<p style=\"text-align: center;\">La production animale est le processus d&rsquo;\u00e9levage d&rsquo;animaux pour la viande, les \u0153ufs et le lait. La partie la plus importante de ceci est que l&rsquo;animal est \u00e9lev\u00e9 de mani\u00e8re \u00e0 produire la meilleure qualit\u00e9 de nourriture et \u00e0 le prot\u00e9ger des maladies.<\/p>\n<p>[\/vc_column_text][\/vc_column_inner][vc_column_inner width=\u00a0\u00bb1\/4&Prime;][vc_empty_space height=\u00a0\u00bb60px\u00a0\u00bb][vc_single_image image=\u00a0\u00bb321&Prime; img_size=\u00a0\u00bb300&#215;400&Prime; alignment=\u00a0\u00bbcenter\u00a0\u00bb style=\u00a0\u00bbvc_box_border_circle_2&Prime; border_color=\u00a0\u00bbsandy_brown\u00a0\u00bb][vc_custom_heading text=\u00a0\u00bbExportation\u00a0\u00bb font_container=\u00a0\u00bbtag:h2|font_size:40|text_align:center\u00a0\u00bb google_fonts=\u00a0\u00bbfont_family:Ubuntu%3A300%2C300italic%2Cregular%2Citalic%2C500%2C500italic%2C700%2C700italic|font_style:400%20regular%3A400%3Anormal\u00a0\u00bb][vc_column_text]<\/p>\n<p style=\"text-align: center;\">Le groupe El Meem a d\u00e9cid\u00e9 d&rsquo;entrer sur le march\u00e9 de l&rsquo;exportation pour investir son succ\u00e8s dans la section de d\u00e9veloppement agricole en \u00c9gypte et s&rsquo;installer \u00e0 l&rsquo;\u00e9tranger.<\/p>\n<p>[\/vc_column_text][\/vc_column_inner][vc_column_inner width=\u00a0\u00bb1\/4&Prime;][vc_empty_space height=\u00a0\u00bb90px\u00a0\u00bb][vc_single_image image=\u00a0\u00bb430&Prime; img_size=\u00a0\u00bb300&#215;400&Prime; alignment=\u00a0\u00bbcenter\u00a0\u00bb style=\u00a0\u00bbvc_box_border_circle_2&Prime; border_color=\u00a0\u00bbsandy_brown\u00a0\u00bb][vc_custom_heading text=\u00a0\u00bbAil frais\u00a0\u00bb font_container=\u00a0\u00bbtag:h2|font_size:40|text_align:center\u00a0\u00bb google_fonts=\u00a0\u00bbfont_family:Ubuntu%3A300%2C300italic%2Cregular%2Citalic%2C500%2C500italic%2C700%2C700italic|font_style:400%20regular%3A400%3Anormal\u00a0\u00bb][vc_column_text]<\/p>\n<p style=\"text-align: center;\">Notre ail bio pel\u00e9 est pr\u00e9-pel\u00e9 et pr\u00eat \u00e0 \u00eatre utilis\u00e9 dans vos recettes pr\u00e9f\u00e9r\u00e9es.<\/p>\n<p>[\/vc_column_text][\/vc_column_inner][\/vc_row_inner][\/vc_column][\/vc_row][vc_row full_width=\u00a0\u00bbstretch_row_content\u00a0\u00bb][vc_column][vc_custom_heading text=\u00a0\u00bbCalendrier\u00a0\u00bb font_container=\u00a0\u00bbtag:h2|font_size:50px|text_align:center\u00a0\u00bb google_fonts=\u00a0\u00bbfont_family:Ubuntu%3A300%2C300italic%2Cregular%2Citalic%2C500%2C500italic%2C700%2C700italic|font_style:400%20regular%3A400%3Anormal\u00a0\u00bb][vc_row_inner][vc_column_inner][vc_single_image image=\u00a0\u00bb567&Prime; img_size=\u00a0\u00bbfull\u00a0\u00bb alignment=\u00a0\u00bbcenter\u00a0\u00bb][\/vc_column_inner][\/vc_row_inner][\/vc_column][\/vc_row][vc_row full_width=\u00a0\u00bbstretch_row_content\u00a0\u00bb css=\u00a0\u00bb.vc_custom_1658932136133{padding-top: 25px !important;background-color: #d1d3d4 !important;}\u00a0\u00bb el_id=\u00a0\u00bbGallery\u00a0\u00bb][vc_column][vc_custom_heading text=\u00a0\u00bbGalerie\u00a0\u00bb font_container=\u00a0\u00bbtag:h2|font_size:50px|text_align:center\u00a0\u00bb google_fonts=\u00a0\u00bbfont_family:Ubuntu%3A300%2C300italic%2Cregular%2Citalic%2C500%2C500italic%2C700%2C700italic|font_style:400%20regular%3A400%3Anormal\u00a0\u00bb][vc_row_inner][vc_column_inner width=\u00a0\u00bb1\/4&Prime; animation_delay=\u00a0\u00bb300&Prime; animation_type=\u00a0\u00bbfadeInUp\u00a0\u00bb][vc_single_image image=\u00a0\u00bb542&Prime; img_size=\u00a0\u00bb400&#215;200&Prime; alignment=\u00a0\u00bbcenter\u00a0\u00bb style=\u00a0\u00bbvc_box_rounded\u00a0\u00bb][\/vc_column_inner][vc_column_inner width=\u00a0\u00bb1\/4&Prime; animation_delay=\u00a0\u00bb600&Prime; animation_type=\u00a0\u00bbfadeInUp\u00a0\u00bb][vc_single_image image=\u00a0\u00bb543&Prime; img_size=\u00a0\u00bb400&#215;200&Prime; alignment=\u00a0\u00bbcenter\u00a0\u00bb style=\u00a0\u00bbvc_box_rounded\u00a0\u00bb][\/vc_column_inner][vc_column_inner width=\u00a0\u00bb1\/4&Prime; animation_delay=\u00a0\u00bb900&Prime; animation_type=\u00a0\u00bbfadeInUp\u00a0\u00bb][vc_single_image image=\u00a0\u00bb544&Prime; img_size=\u00a0\u00bb400&#215;200&Prime; alignment=\u00a0\u00bbcenter\u00a0\u00bb style=\u00a0\u00bbvc_box_rounded\u00a0\u00bb][\/vc_column_inner][vc_column_inner width=\u00a0\u00bb1\/4&Prime; animation_delay=\u00a0\u00bb1200&Prime; animation_type=\u00a0\u00bbfadeInUp\u00a0\u00bb][vc_single_image image=\u00a0\u00bb545&Prime; img_size=\u00a0\u00bb400&#215;200&Prime; alignment=\u00a0\u00bbcenter\u00a0\u00bb style=\u00a0\u00bbvc_box_rounded\u00a0\u00bb][\/vc_column_inner][\/vc_row_inner][vc_row_inner][vc_column_inner width=\u00a0\u00bb1\/4&Prime; animation_delay=\u00a0\u00bb300&Prime; animation_type=\u00a0\u00bbfadeInUp\u00a0\u00bb][vc_single_image image=\u00a0\u00bb533&Prime; img_size=\u00a0\u00bb400&#215;200&Prime; alignment=\u00a0\u00bbcenter\u00a0\u00bb style=\u00a0\u00bbvc_box_rounded\u00a0\u00bb][\/vc_column_inner][vc_column_inner width=\u00a0\u00bb1\/4&Prime; animation_delay=\u00a0\u00bb600&Prime; animation_type=\u00a0\u00bbfadeInUp\u00a0\u00bb][vc_single_image image=\u00a0\u00bb534&Prime; img_size=\u00a0\u00bb400&#215;200&Prime; alignment=\u00a0\u00bbcenter\u00a0\u00bb style=\u00a0\u00bbvc_box_rounded\u00a0\u00bb][\/vc_column_inner][vc_column_inner width=\u00a0\u00bb1\/4&Prime; animation_delay=\u00a0\u00bb900&Prime; animation_type=\u00a0\u00bbfadeInUp\u00a0\u00bb][vc_single_image image=\u00a0\u00bb535&Prime; img_size=\u00a0\u00bb400&#215;200&Prime; alignment=\u00a0\u00bbcenter\u00a0\u00bb style=\u00a0\u00bbvc_box_rounded\u00a0\u00bb][\/vc_column_inner][vc_column_inner width=\u00a0\u00bb1\/4&Prime; animation_delay=\u00a0\u00bb1200&Prime; animation_type=\u00a0\u00bbfadeInUp\u00a0\u00bb][vc_single_image image=\u00a0\u00bb536&Prime; img_size=\u00a0\u00bb400&#215;200&Prime; alignment=\u00a0\u00bbcenter\u00a0\u00bb style=\u00a0\u00bbvc_box_rounded\u00a0\u00bb][\/vc_column_inner][\/vc_row_inner][vc_row_inner][vc_column_inner width=\u00a0\u00bb1\/4&Prime; animation_delay=\u00a0\u00bb300&Prime; animation_type=\u00a0\u00bbfadeInUp\u00a0\u00bb][vc_single_image image=\u00a0\u00bb537&Prime; img_size=\u00a0\u00bb400&#215;200&Prime; alignment=\u00a0\u00bbcenter\u00a0\u00bb style=\u00a0\u00bbvc_box_rounded\u00a0\u00bb][\/vc_column_inner][vc_column_inner width=\u00a0\u00bb1\/4&Prime; animation_delay=\u00a0\u00bb600&Prime; animation_type=\u00a0\u00bbfadeInUp\u00a0\u00bb][vc_single_image image=\u00a0\u00bb538&Prime; img_size=\u00a0\u00bb400&#215;200&Prime; alignment=\u00a0\u00bbcenter\u00a0\u00bb style=\u00a0\u00bbvc_box_rounded\u00a0\u00bb][\/vc_column_inner][vc_column_inner width=\u00a0\u00bb1\/4&Prime; animation_delay=\u00a0\u00bb900&Prime; animation_type=\u00a0\u00bbfadeInUp\u00a0\u00bb][vc_single_image image=\u00a0\u00bb540&Prime; img_size=\u00a0\u00bb400&#215;200&Prime; alignment=\u00a0\u00bbcenter\u00a0\u00bb style=\u00a0\u00bbvc_box_rounded\u00a0\u00bb][\/vc_column_inner][vc_column_inner width=\u00a0\u00bb1\/4&Prime; animation_delay=\u00a0\u00bb1200&Prime; animation_type=\u00a0\u00bbfadeInUp\u00a0\u00bb][vc_single_image image=\u00a0\u00bb541&Prime; img_size=\u00a0\u00bb400&#215;200&Prime; alignment=\u00a0\u00bbcenter\u00a0\u00bb style=\u00a0\u00bbvc_box_rounded\u00a0\u00bb][\/vc_column_inner][\/vc_row_inner][\/vc_column][\/vc_row]<\/p>\n","protected":false},"excerpt":{"rendered":"<p>[vc_row video_bg=\u00a0\u00bbyes\u00a0\u00bb video_bg_url=\u00a0\u00bbhttps:\/\/www.youtube.com\/watch?v=yNRfPyV_aXY&#038;t=4s\u00a0\u00bb css=\u00a0\u00bb.vc_custom_1690964415569{padding-top: 300px !important;padding-bottom: 300px !important;}\u00a0\u00bb][vc_column][\/vc_column][\/vc_row][vc_row full_width=\u00a0\u00bbstretch_row\u00a0\u00bb css=\u00a0\u00bb.vc_custom_1637830996377{padding-bottom: 0px !important;background-position: center !important;background-repeat: no-repeat !important;background-size: cover !important;}\u00a0\u00bb el_id=\u00a0\u00bbabout\u00a0\u00bb][vc_column animation_delay=\u00a0\u00bb700&Prime; animation_type=\u00a0\u00bbfadeIn\u00a0\u00bb][vc_empty_space height=\u00a0\u00bb150px\u00a0\u00bb][vc_single_image image=\u00a0\u00bb284&Prime; img_size=\u00a0\u00bb250&#215;130&Prime; alignment=\u00a0\u00bbcenter\u00a0\u00bb css=\u00a0\u00bb.vc_custom_1637828686884{margin-bottom: 0px !important;border-bottom-width: 0px !important;padding-bottom: 0px !important;}\u00a0\u00bb][vc_row_inner animation_duration=\u00a0\u00bb2000&Prime; animation_type=\u00a0\u00bbfadeInDown\u00a0\u00bb css=\u00a0\u00bb.vc_custom_1640088991077{padding-top: 60px !important;}\u00a0\u00bb][vc_column_inner width=\u00a0\u00bb1\/3&Prime; animation_delay=\u00a0\u00bb1000&Prime; animation_type=\u00a0\u00bbfadeInUp\u00a0\u00bb][vc_column_text] Le groupe El Meem a \u00e9t\u00e9 fond\u00e9 en 1997 en tant que premi\u00e8re entreprise \u00e9gyptienne [&hellip;]<\/p>\n","protected":false},"author":1,"featured_media":0,"parent":0,"menu_order":0,"comment_status":"closed","ping_status":"closed","template":"","meta":{"footnotes":""},"class_list":["post-143","page","type-page","status-publish","hentry"],"_links":{"self":[{"href":"https:\/\/elmeemfarms.com\/fr\/wp-json\/wp\/v2\/pages\/143","targetHints":{"allow":["GET"]}}],"collection":[{"href":"https:\/\/elmeemfarms.com\/fr\/wp-json\/wp\/v2\/pages"}],"about":[{"href":"https:\/\/elmeemfarms.com\/fr\/wp-json\/wp\/v2\/types\/page"}],"author":[{"embeddable":true,"href":"https:\/\/elmeemfarms.com\/fr\/wp-json\/wp\/v2\/users\/1"}],"replies":[{"embeddable":true,"href":"https:\/\/elmeemfarms.com\/fr\/wp-json\/wp\/v2\/comments?post=143"}],"version-history":[{"count":177,"href":"https:\/\/elmeemfarms.com\/fr\/wp-json\/wp\/v2\/pages\/143\/revisions"}],"predecessor-version":[{"id":619,"href":"https:\/\/elmeemfarms.com\/fr\/wp-json\/wp\/v2\/pages\/143\/revisions\/619"}],"wp:attachment":[{"href":"https:\/\/elmeemfarms.com\/fr\/wp-json\/wp\/v2\/media?parent=143"}],"curies":[{"name":"wp","href":"https:\/\/api.w.org\/{rel}","templated":true}]}}